{"id":16,"date":"2023-08-08T21:42:36","date_gmt":"2023-08-08T21:42:36","guid":{"rendered":"https:\/\/sknh.us.edu.pl\/?page_id=16"},"modified":"2023-08-08T21:46:58","modified_gmt":"2023-08-08T21:46:58","slug":"statut","status":"publish","type":"page","link":"https:\/\/sknh.us.edu.pl\/index.php\/statut\/","title":{"rendered":"Statut SKNH U\u015a"},"content":{"rendered":"<p align=\"center\"><strong>STATUT<\/strong><\/p>\n<p align=\"center\"><strong>STUDENCKIEGO KO\u0141A NAUKOWEGO HISTORYK\u00d3W<\/strong><\/p>\n<p align=\"center\"><strong>UNIWERSYTETU \u015aL\u0104SKIEGO W KATOWICACH<\/strong><\/p>\n<p align=\"center\"><strong>ROZDZIA\u0141 I<\/strong><\/p>\n<p align=\"center\"><strong>POSTANOWIENIA OG\u00d3LNE<\/strong><\/p>\n<p align=\"center\">\u00a71<\/p>\n<p>Studenckie Ko\u0142o Naukowe Historyk\u00f3w Uniwersytetu \u015al\u0105skiego, zwane dalej Ko\u0142em, jest<\/p>\n<p>dobrowoln\u0105 i samorz\u0105dn\u0105 organizacj\u0105 studenck\u0105 o charakterze naukowym i<\/p>\n<p>samokszta\u0142ceniowym.<\/p>\n<p align=\"center\">\u00a7 2<\/p>\n<p>Ko\u0142o mo\u017ce pos\u0142ugiwa\u0107 si\u0119 skr\u00f3conymi nazwami SKNH lub SKNH U\u015a.<\/p>\n<p align=\"center\">\u00a7 3<\/p>\n<p>Ko\u0142o dzia\u0142a pod patronatem Instytutu Historii Uniwersytetu \u015al\u0105skiego w Katowicach.<\/p>\n<p align=\"center\"><strong>ROZDZIA\u0141 II<\/strong><\/p>\n<p align=\"center\"><strong>CELE DZIA\u0141ANIA KO\u0141A I SPOSOBY ICH REALIZACJI<\/strong><\/p>\n<p align=\"center\">\u00a7 4<\/p>\n<p>Celami Ko\u0142a s\u0105:<\/p>\n<p>1) pomoc w pog\u0142\u0119bianiu zainteresowa\u0144 naukowych i kulturalnych cz\u0142onk\u00f3w Ko\u0142a oraz<\/p>\n<p>samokszta\u0142ceniu;<\/p>\n<p>2) promowanie nauki, szczeg\u00f3lnie z zakresu historii w kraju i za granic\u0105;<\/p>\n<p>3) wsp\u00f3\u0142praca naukowa z Instytutem Historii Uniwersytetu \u015al\u0105skiego s\u0142u\u017c\u0105ca rozwojowi<\/p>\n<p>zainteresowa\u0144 naukowych i kulturalnych, a tak\u017ce samokszta\u0142ceniu;<\/p>\n<p>4) wdra\u017canie student\u00f3w do pracy naukowej i badawczej, a tak\u017ce zawodowej;<\/p>\n<p>5) rozwijanie i umacnianie \u017cycia kole\u017ce\u0144skiego cz\u0142onk\u00f3w Ko\u0142a.<\/p>\n<p align=\"center\">\u00a7 5<\/p>\n<p>Ko\u0142o realizuje wymienione wy\u017cej cele poprzez:<\/p>\n<p>1) dzia\u0142alno\u015b\u0107 poszczeg\u00f3lnych Sekcji;<\/p>\n<p>2) organizowanie spotka\u0144 o charakterze naukowym takich jak: odczyty, dyskusje, debaty,<\/p>\n<p>seminaria, sympozja, konferencje lub zjazdy;<\/p>\n<p>3) wsp\u00f3\u0142prac\u0119 z innymi organizacjami naukowymi i kulturalnymi w kraju i za granic\u0105;<\/p>\n<p>4) organizowanie wydarze\u0144 o charakterze naukowo-kulturalnym takich jak: wyjazdy, obozy,<\/p>\n<p>wycieczki i warsztaty;<\/p>\n<p>5) gromadzenie ksi\u0119gozbioru o charakterze naukowym, szczeg\u00f3lnie z zakresu historii oraz<\/p>\n<p>udost\u0119pnianie go cz\u0142onkom Ko\u0142a;<\/p>\n<p>6) realizowanie innych przedsi\u0119wzi\u0119\u0107 zgodnych z zapisami niniejszego Statutu.<\/p>\n<p align=\"center\"><strong>ROZDZIA\u0141 III<\/strong><\/p>\n<p align=\"center\"><strong>CZ\u0141ONKOWIE KO\u0141A<\/strong><\/p>\n<p align=\"center\">\u00a7 6<\/p>\n<p>Cz\u0142onkowie Ko\u0142a dziel\u0105 si\u0119 na zwyczajnych, honorowych i wspieraj\u0105cych.<\/p>\n<p align=\"center\">\u00a7 7<\/p>\n<p>1) Cz\u0142onkostwo zwyczajne Ko\u0142a uzyskuje si\u0119 z chwil\u0105 dokonania wpisu na list\u0119 cz\u0142onk\u00f3w.<\/p>\n<p>2) Cz\u0142onkiem zwyczajnym mo\u017ce zosta\u0107:<\/p>\n<p>a) ka\u017cdy student kierunku prowadzonego przez Instytut Historii Uniwersytetu \u015al\u0105skiego;<\/p>\n<p>b) za zgod\u0105 Prezesa Ko\u0142a student innego kierunku prowadzonego na Uniwersytecie \u015al\u0105skim.<\/p>\n<p>3) Cz\u0142onek zwyczajny Ko\u0142a ma prawo:<\/p>\n<p>a) uczestniczy\u0107 we wszystkich formach dzia\u0142alno\u015bci Ko\u0142a;<\/p>\n<p>b) wsp\u00f3\u0142decydowa\u0107 o dzia\u0142alno\u015bci Ko\u0142a poprzez uczestnictwo, zabieranie g\u0142osu i zg\u0142aszanie<\/p>\n<p>wniosk\u00f3w podczas Zebrania Walnego;<\/p>\n<p>c) korzysta\u0107 z wszelkich urz\u0105dze\u0144 i zbior\u00f3w znajduj\u0105cych si\u0119 w u\u017cytkowaniu Ko\u0142a na zasadach<\/p>\n<p>ustalonych przez Zarz\u0105d Ko\u0142a;<\/p>\n<p>d) kandydowa\u0107 w wyborach na funkcj\u0119 cz\u0142onka Zarz\u0105du Ko\u0142a lub Przewodnicz\u0105cego Sekcji;<\/p>\n<p>e) wybiera\u0107 cz\u0142onka Zarz\u0105du Ko\u0142a i Przewodnicz\u0105cego Sekcji.<\/p>\n<p>4) Cz\u0142onkowie zwyczajni Ko\u0142a s\u0105 zobowi\u0105zani do:<\/p>\n<p>a) dbania o dobre imi\u0119 Ko\u0142a;<\/p>\n<p>b) aktywnego realizowania cel\u00f3w statutowych Ko\u0142a;<\/p>\n<p>c) przynale\u017cno\u015bci do co najmniej jednej Sekcji;<\/p>\n<p>d) przestrzegania postanowie\u0144 Statutu oraz uchwa\u0142 Zebrania Walnego;<\/p>\n<p>e) podporz\u0105dkowania si\u0119 decyzjom Zarz\u0105du Ko\u0142a i Przewodnicz\u0105cego Sekcji, do kt\u00f3rej<\/p>\n<p>cz\u0142onek przynale\u017cy;<\/p>\n<p>f) uczestnictwa w Zebraniu Walnym.<\/p>\n<p>5) Skre\u015blenie z listy cz\u0142onk\u00f3w zwyczajnych Ko\u0142a nast\u0119puje decyzj\u0105 Zarz\u0105du:<\/p>\n<p>a) po uko\u0144czeniu studi\u00f3w na kierunku prowadzonym przez Instytut Historii Uniwersytetu<\/p>\n<p>\u015al\u0105skiego;<\/p>\n<p>b) po uko\u0144czeniu studi\u00f3w na innym kierunku prowadzonym przez Uniwersytet \u015al\u0105ski, je\u015bli<\/p>\n<p>cz\u0142onkostwo zwyczajne zosta\u0142o przyznane za zgod\u0105 Prezesa Ko\u0142a;<\/p>\n<p>c) po osobistym z\u0142o\u017ceniu rezygnacji na r\u0119ce Zarz\u0105du Ko\u0142a i uregulowaniu wszelkich<\/p>\n<p>zobowi\u0105za\u0144 wobec Ko\u0142a;<\/p>\n<p>d) w przypadku niewywi\u0105zywania si\u0119 z obowi\u0105zk\u00f3w cz\u0142onka zwyczajnego;<\/p>\n<p>e) w przypadku nieprzestrzegania postanowie\u0144 Statutu, uchwa\u0142 Zebrania Walnego,<\/p>\n<p>niepodporz\u0105dkowywania si\u0119 decyzjom Zarz\u0105du Ko\u0142a lub Przewodnicz\u0105cych Sekcji.<\/p>\n<p>6) Odwo\u0142anie od decyzji Zarz\u0105du Ko\u0142a wydanej na podstawie \u00a7 7 pkt 5 ppkt d oraz e nast\u0119puje<\/p>\n<p>w formie pisemnej w ci\u0105gu 7 dni od otrzymania decyzji o skre\u015bleniu z listy cz\u0142onk\u00f3w.<\/p>\n<p>Odwo\u0142anie nale\u017cy z\u0142o\u017cy\u0107 na r\u0119ce cz\u0142onka Zarz\u0105du Ko\u0142a. Odwo\u0142anie rozpatrywane jest podczas<\/p>\n<p>najbli\u017cszego Zebrania Walnego, na kt\u00f3rym osoba odwo\u0142uj\u0105ca si\u0119 musi stawi\u0107 si\u0119 osobi\u015bcie.<\/p>\n<p>7) Cz\u0142onek usuni\u0119ty z Ko\u0142a skutkiem decyzji Zarz\u0105du Ko\u0142a mo\u017ce zapisa\u0107 si\u0119 do niego<\/p>\n<p>ponownie na pocz\u0105tku nowego roku akademickiego.<\/p>\n<p align=\"center\">\u00a7 8<\/p>\n<p>1) Cz\u0142onkiem honorowym mo\u017ce zosta\u0107 osoba zas\u0142u\u017cona dla dzia\u0142alno\u015bci Ko\u0142a, kt\u00f3r\u0105 podczas<\/p>\n<p>Zebrania Walnego wybrano zwyk\u0142\u0105 wi\u0119kszo\u015bci\u0105 g\u0142os\u00f3w na wniosek Zarz\u0105du Ko\u0142a, 1\/3 og\u00f3lnej<\/p>\n<p>liczby cz\u0142onk\u00f3w lub Opiekuna Naukowego.<\/p>\n<p>2) Cz\u0142onek honorowy:<\/p>\n<p>a) nie dysponuje prawem wyborczym;<\/p>\n<p>b) posiada g\u0142os doradczy;<\/p>\n<p>c) wspiera dzia\u0142alno\u015b\u0107 Ko\u0142a w zakresie realizacji cel\u00f3w zgodnych z niniejszym Statutem.<\/p>\n<p>3) Na wniosek Zarz\u0105du Ko\u0142a, 1\/3 og\u00f3lnej liczby cz\u0142onk\u00f3w lub Opiekuna Naukowego, Zebranie<\/p>\n<p>Walne zwyk\u0142\u0105 wi\u0119kszo\u015bci\u0105 g\u0142os\u00f3w mo\u017ce pozbawi\u0107 cz\u0142onka honorowego cz\u0142onkostwa w Kole.<\/p>\n<p align=\"center\">\u00a7 9<\/p>\n<p>1) Cz\u0142onkiem wspieraj\u0105cym mo\u017ce zosta\u0107 osoba zas\u0142u\u017cona dla dzia\u0142alno\u015bci Ko\u0142a, kt\u00f3r\u0105 podczas<\/p>\n<p>Zebrania Walnego wybrano zwyk\u0142\u0105 wi\u0119kszo\u015bci\u0105 g\u0142os\u00f3w na wniosek Zarz\u0105du Ko\u0142a, 1\/3 og\u00f3lnej<\/p>\n<p>liczby cz\u0142onk\u00f3w lub Opiekuna Naukowego.<\/p>\n<p>2) Cz\u0142onek wspieraj\u0105cy:<\/p>\n<p>a) nie dysponuje prawem wyborczym;<\/p>\n<p>b) posiada g\u0142os doradczy;<\/p>\n<p>c) wspiera dzia\u0142alno\u015b\u0107 Ko\u0142a w zakresie realizacji cel\u00f3w zgodnych z niniejszym Statutem.<\/p>\n<p>3) Na wniosek Zarz\u0105du Ko\u0142a, 1\/3 og\u00f3lnej liczby cz\u0142onk\u00f3w lub Opiekuna Naukowego, Zebranie<\/p>\n<p>Walne zwyk\u0142\u0105 wi\u0119kszo\u015bci\u0105 g\u0142os\u00f3w mo\u017ce pozbawi\u0107 cz\u0142onka wspieraj\u0105cego cz\u0142onkostwa w<\/p>\n<p>Kole.<\/p>\n<p align=\"center\"><strong>ROZDZIA\u0141 IV<\/strong><\/p>\n<p align=\"center\"><strong>W\u0141ADZE KO\u0141A<\/strong><\/p>\n<p align=\"center\">\u00a7 10<\/p>\n<p>Zebranie Walne stanowi najwy\u017csz\u0105 w\u0142adz\u0119 Ko\u0142a.<\/p>\n<p align=\"center\">\u00a7 11<\/p>\n<p>1) W Zebraniu Walnym mog\u0105 uczestniczy\u0107 wszyscy cz\u0142onkowie Ko\u0142a, a tak\u017ce: Opiekun<\/p>\n<p>Naukowy, pracownicy Instytutu Historii i zaproszeni go\u015bcie.<\/p>\n<p>2) Decyzje w sprawie dzia\u0142alno\u015bci Ko\u0142a mog\u0105 podejmowa\u0107 jedynie cz\u0142onkowie zwyczajni Ko\u0142a<\/p>\n<p>uczestnicz\u0105cy w Zebraniu Walnym.<\/p>\n<p>3) Zebranie Walne podejmuje prawomocne decyzje zwyk\u0142\u0105 wi\u0119kszo\u015bci\u0105 g\u0142os\u00f3w przy<\/p>\n<p>obecno\u015bci kworum co najmniej 1\/3 cz\u0142onk\u00f3w Ko\u0142a.<\/p>\n<p>4) Je\u017celi Walne Zebranie Cz\u0142onk\u00f3w nie zbierze kworum na zwo\u0142anym posiedzeniu, Prezes<\/p>\n<p>Ko\u0142a zwo\u0142uje nast\u0119pne Zebranie Walne w drugim terminie, kt\u00f3ry nast\u0119puje 10 minut po<\/p>\n<p>pierwszym i jego decyzje s\u0105 obowi\u0105zuj\u0105ce bez wzgl\u0119du na liczb\u0119 obecnych.<\/p>\n<p align=\"center\">\u00a7 12<\/p>\n<p>1) Zebranie Walne jest zwo\u0142ywane:<\/p>\n<p>a) na wniosek 1\/3 og\u00f3lnej liczby cz\u0142onk\u00f3w Ko\u0142a;<\/p>\n<p>b) na wniosek Zarz\u0105du Ko\u0142a;<\/p>\n<p>c) na wniosek Opiekuna Naukowego;<\/p>\n<p>d) na potrzeby wyboru cz\u0142onk\u00f3w Zarz\u0105du Ko\u0142a i Przewodnicz\u0105cych Sekcji, a tak\u017ce<\/p>\n<p>podsumowania dzia\u0142alno\u015bci Zarz\u0105du Ko\u0142a oraz Sekcji.<\/p>\n<p>2) Data planowanego Zebrania Walnego musi by\u0107 podana do publicznej wiadomo\u015bci<\/p>\n<p>wszystkim Cz\u0142onkom Ko\u0142a co najmniej 7 dni przed planowanym rozpocz\u0119ciem obrad w<\/p>\n<p>mediach spo\u0142eczno\u015bciowych Ko\u0142a oraz w korespondencji mailowej.<\/p>\n<p>3) Obrady Zebrania Walnego prowadzi Prezes Ko\u0142a lub wyznaczona przez niego osoba.<\/p>\n<p>4) Ka\u017cde g\u0142osowanie podczas Zebrania Walnego odbywa si\u0119 w spos\u00f3b bezpo\u015bredni, r\u00f3wny i<\/p>\n<p>jawny.<\/p>\n<p>5) Po ka\u017cdym Zebraniu Walnym Sekretarz Ko\u0142a ma obowi\u0105zek napisa\u0107 sprawozdanie i poda\u0107<\/p>\n<p>je do publicznej wiadomo\u015bci na stronie internetowej Ko\u0142a w terminie nieprzekraczaj\u0105cym 7<\/p>\n<p>dni od zako\u0144czenia obrad.<\/p>\n<p align=\"center\">\u00a7 13<\/p>\n<p>Zebranie Walne ma w swoich kompetencjach:<\/p>\n<p>1) podejmowanie uchwa\u0142 we wszystkich sprawach dotycz\u0105cych Ko\u0142a;<\/p>\n<p>2) wyb\u00f3r cz\u0142onk\u00f3w Zarz\u0105du Ko\u0142a oraz Przewodnicz\u0105cych Sekcji;<\/p>\n<p>3) odwo\u0142anie cz\u0142onk\u00f3w Zarz\u0105du Ko\u0142a oraz Przewodnicz\u0105cych Sekcji;<\/p>\n<p>4) ocen\u0119 sprawozda\u0144 Zarz\u0105du Ko\u0142a oraz Przewodnicz\u0105cych Sekcji;<\/p>\n<p>5) nadawanie godno\u015bci cz\u0142onka honorowego i wspieraj\u0105cego oraz ich pozbawienia;<\/p>\n<p>6) rozpatrywanie odwo\u0142a\u0144 od decyzji Zarz\u0105du o skre\u015bleniu z listy cz\u0142onk\u00f3w zwyczajnych Ko\u0142a;<\/p>\n<p>7) rozwi\u0105zanie ka\u017cdej Sekcji, je\u017celi przez rok akademicki nie wykaza\u0142a aktywno\u015bci;<\/p>\n<p>8) uchwalanie Statutu i wprowadzanie w nim zmian;<\/p>\n<p>9) rozwi\u0105zanie Ko\u0142a.<\/p>\n<p align=\"center\">\u00a7 14<\/p>\n<p>Zebranie Walne wybiera cz\u0142onk\u00f3w Zarz\u0105du Ko\u0142a w terminie do dnia 30 wrze\u015bnia ka\u017cdego roku<\/p>\n<p>kalendarzowego oraz Przewodnicz\u0105cych Sekcji na ostatnim lub pierwszym Zebraniu Walnym<\/p>\n<p>w roku akademickim.<\/p>\n<p align=\"center\">\u00a7 15<\/p>\n<p>1) Zarz\u0105d Ko\u0142a jest organem wykonawczym Ko\u0142a.<\/p>\n<p>2) W sk\u0142ad Zarz\u0105du Ko\u0142a wchodz\u0105: Prezes, Wiceprezes i Sekretarz.<\/p>\n<p>3) Kadencja Zarz\u0105du Ko\u0142a trwa nie d\u0142u\u017cej ni\u017c rok akademicki.<\/p>\n<p>4) Cz\u0142onek Zarz\u0105du Ko\u0142a nie mo\u017ce jednocze\u015bnie sprawowa\u0107 funkcji Przewodnicz\u0105cego Sekcji.<\/p>\n<p>5) Cz\u0142onek Zarz\u0105du Ko\u0142a ma obowi\u0105zek przynale\u017ce\u0107 do Sekcji.<\/p>\n<p align=\"center\">\u00a7 16<\/p>\n<p>Do obowi\u0105zk\u00f3w Zarz\u0105du Ko\u0142a nale\u017cy:<\/p>\n<p>1) kierowanie bie\u017c\u0105c\u0105 dzia\u0142alno\u015bci\u0105 Ko\u0142a;<\/p>\n<p>2) podejmowanie decyzji o wsp\u00f3\u0142pracy z innymi organizacjami naukowymi i kulturalnymi w<\/p>\n<p>kraju oraz za granic\u0105, a tak\u017ce w kwestiach zwi\u0105zanych z patronatem.<\/p>\n<p>3) monitorowanie dzia\u0142alno\u015bci poszczeg\u00f3lnych Sekcji;<\/p>\n<p>4) prowadzenie listy cz\u0142onk\u00f3w Ko\u0142a;<\/p>\n<p>5) wykonywanie uchwa\u0142 Zebrania Walnego;<\/p>\n<p>6) prowadzenie protoko\u0142\u00f3w ze swojej dzia\u0142alno\u015bci oraz sk\u0142adanie sprawozdania za okres<\/p>\n<p>dzia\u0142alno\u015bci podczas Zebrania Walnego wraz z ko\u0144cem kadencji;<\/p>\n<p>7) dbanie o stan urz\u0105dze\u0144, zbior\u00f3w i pomieszcze\u0144 b\u0119d\u0105cych w u\u017cytkowaniu Ko\u0142a.<\/p>\n<p align=\"center\">\u00a7 17<\/p>\n<p>Do kompetencji Zarz\u0105du Ko\u0142a nale\u017cy:<\/p>\n<p>1) zwo\u0142ywanie Zebrania Walnego;<\/p>\n<p>2) reprezentowanie Ko\u0142a na zewn\u0105trz;<\/p>\n<p>3) wyznaczanie cz\u0142onkom Ko\u0142a zada\u0144 s\u0142u\u017c\u0105cych realizacji cel\u00f3w statutowych Ko\u0142a;<\/p>\n<p>4) sk\u0142adanie wniosku na Zebraniu Walnym w sprawie nadania godno\u015bci cz\u0142onka honorowego<\/p>\n<p>lub\/i wspieraj\u0105cego;<\/p>\n<p>5) inicjatywa uchwa\u0142odawcza na Zebraniu Walnym;<\/p>\n<p>6) zarz\u0105dzanie urz\u0105dzeniami, zbiorami i pomieszczeniami b\u0119d\u0105cymi w u\u017cytkowaniu Ko\u0142a;<\/p>\n<p>7) powo\u0142ywanie, zawieszanie dzia\u0142alno\u015bci oraz rozwi\u0105zywanie poszczeg\u00f3lnych Sekcji;<\/p>\n<p>8) podejmowanie decyzji w sprawie skre\u015blenia z listy cz\u0142onk\u00f3w po zasi\u0119gni\u0119ciu opinii lub na<\/p>\n<p>wniosek Przewodnicz\u0105cego Sekcji, do kt\u00f3rej dany cz\u0142onek przynale\u017cy.<\/p>\n<p align=\"center\">\u00a7 18<\/p>\n<p>Prezes:<\/p>\n<p>1) odpowiada za ca\u0142okszta\u0142t dzia\u0142a\u0144 podejmowanych przez siebie oraz Zarz\u0105d Ko\u0142a;<\/p>\n<p>2) reprezentuje Ko\u0142o w kontaktach z w\u0142adzami oraz pracownikami naukowymi Uniwersytetu<\/p>\n<p>\u015al\u0105skiego;<\/p>\n<p>3) przewodniczy Zebraniu Walnemu lub wyznacza osob\u0119 do prowadzenia obrad;<\/p>\n<p>4) odpowiada za promocj\u0119 dzia\u0142alno\u015bci Ko\u0142a poprzez prowadzenie strony internetowej oraz<\/p>\n<p>obecno\u015b\u0107 w mediach;<\/p>\n<p>5) podczas wybor\u00f3w ma prawo wskaza\u0107 kandydat\u00f3w na funkcj\u0119 Wiceprezesa i Sekretarza<\/p>\n<p>spo\u015br\u00f3d Cz\u0142onk\u00f3w zwyczajnych Ko\u0142a.<\/p>\n<p>6) Prezes jest wybierany przez Zebranie Walne spo\u015br\u00f3d cz\u0142onk\u00f3w zwyczajnych Ko\u0142a.<\/p>\n<p align=\"center\">\u00a7 19<\/p>\n<p>1) Wniosek w sprawie odwo\u0142ania Prezesa mo\u017ce z\u0142o\u017cy\u0107 grupa 1\/3 cz\u0142onk\u00f3w zwyczajnych Ko\u0142a,<\/p>\n<p>pozostali cz\u0142onkowie Zarz\u0105du Ko\u0142a oraz Opiekun Naukowy i jest on po\u0142\u0105czony z<\/p>\n<p>przedstawieniem kandydatury na nowego Prezesa;<\/p>\n<p>2) G\u0142osowanie nad odwo\u0142aniem dotychczasowego Prezesa Ko\u0142a jest po\u0142\u0105czone z wyborem<\/p>\n<p>nowego Prezesa;<\/p>\n<p>3) Prezes mo\u017ce zrezygnowa\u0107 z pe\u0142nionej funkcji po zdaniu Wiceprezesowi dokumentacji oraz<\/p>\n<p>przekazaniu wszelkich spraw, kt\u00f3rymi si\u0119 zajmowa\u0142 w zwi\u0105zku z dzia\u0142alno\u015bci\u0105 Ko\u0142a.<\/p>\n<p>Wiceprezes pe\u0142ni funkcj\u0119 Prezesa do momentu nowych wybor\u00f3w, kt\u00f3re musz\u0105 si\u0119 odby\u0107 do<\/p>\n<p>14 dni od momentu z\u0142o\u017cenia rezygnacji;<\/p>\n<p>4) W przypadku, gdy Prezes nie mo\u017ce tymczasowo pe\u0142ni\u0107 swoich obowi\u0105zk\u00f3w, o czym<\/p>\n<p>pisemnie poinformuje on pozosta\u0142ych cz\u0142onk\u00f3w Zarz\u0105du Ko\u0142a, zast\u0119puj\u0105 go kolejno<\/p>\n<p>Wiceprezes, Sekretarz. Posiadaj\u0105 oni w\u00f3wczas wszelkie uprawnienia Prezesa.<\/p>\n<p align=\"center\">\u00a7 20<\/p>\n<p>Wiceprezes:<\/p>\n<p>1) jest wybierany przez Zebranie Walne spo\u015br\u00f3d cz\u0142onk\u00f3w zwyczajnych Ko\u0142a;<\/p>\n<p>2) pomaga Prezesowi w realizacji obowi\u0105zk\u00f3w wynikaj\u0105cych z jego funkcji;<\/p>\n<p>3) dba o stan urz\u0105dze\u0144, zbior\u00f3w i pomieszcze\u0144 b\u0119d\u0105cych w u\u017cytkowaniu Ko\u0142a.<\/p>\n<p align=\"center\">\u00a7 21<\/p>\n<p>1) Wniosek w sprawie odwo\u0142ania Wiceprezesa mo\u017ce z\u0142o\u017cy\u0107 grupa 1\/3 cz\u0142onk\u00f3w zwyczajnych<\/p>\n<p>Ko\u0142a, pozostali cz\u0142onkowie Zarz\u0105du Ko\u0142a oraz Opiekun Naukowy i jest on po\u0142\u0105czony z<\/p>\n<p>przedstawieniem kandydatury nowego Wiceprezesa;<\/p>\n<p>2) G\u0142osowanie nad odwo\u0142aniem dotychczasowego Wiceprezesa jest po\u0142\u0105czone z wyborem<\/p>\n<p>nowego Wiceprezesa.<\/p>\n<p align=\"center\">\u00a7 22<\/p>\n<p>Sekretarz:<\/p>\n<p>1) jest wybierany przez Zebranie Walne spo\u015br\u00f3d cz\u0142onk\u00f3w zwyczajnych Ko\u0142a;<\/p>\n<p>2) prowadzi list\u0119 cz\u0142onk\u00f3w Ko\u0142a;<\/p>\n<p>3) odpowiada za dokumentowanie dzia\u0142alno\u015bci Ko\u0142a i jej archiwizowanie zgodnie z<\/p>\n<p>obowi\u0105zuj\u0105cymi przepisami prawnymi;<\/p>\n<p>4) do jego obowi\u0105zk\u00f3w nale\u017cy przygotowanie sprawozdania i podanie go do publicznej<\/p>\n<p>wiadomo\u015bci na stronie internetowej Ko\u0142a w terminie nieprzekraczaj\u0105cym 7 dni od zako\u0144czenia<\/p>\n<p>obrad Zebrania Walnego.<\/p>\n<p align=\"center\">\u00a7 23<\/p>\n<p>1) Wniosek w sprawie odwo\u0142ania Sekretarza mo\u017ce z\u0142o\u017cy\u0107 grupa 1\/3 cz\u0142onk\u00f3w zwyczajnych<\/p>\n<p>Ko\u0142a, pozostali cz\u0142onkowie Zarz\u0105du Ko\u0142a oraz Opiekun Naukowy i jest on po\u0142\u0105czony z<\/p>\n<p>przedstawieniem kandydatury nowego Sekretarza;<\/p>\n<p>2) G\u0142osowanie nad odwo\u0142aniem dotychczasowego Sekretarza jest po\u0142\u0105czone z wyborem<\/p>\n<p>nowego Sekretarza.<\/p>\n<p align=\"center\">\u00a7 24<\/p>\n<p>Cz\u0142onek Zarz\u0105du Ko\u0142a mo\u017ce zrezygnowa\u0107 z pe\u0142nionej funkcji po zdaniu osobie pe\u0142ni\u0105cej<\/p>\n<p>obowi\u0105zki Prezesa Ko\u0142a dokumentacji oraz przekazaniu wszelkich spraw, kt\u00f3rymi si\u0119<\/p>\n<p>zajmowa\u0142 w zwi\u0105zku z dzia\u0142alno\u015bci\u0105 Ko\u0142a. Osoba pe\u0142ni\u0105ca obowi\u0105zki Prezesa ma 14 dni na<\/p>\n<p>zwo\u0142anie Zebrania Walnego w celu uzupe\u0142nienia sk\u0142adu Zarz\u0105du Ko\u0142a.<\/p>\n<p align=\"center\"><strong>ROZDZIA\u0141 V<\/strong><\/p>\n<p align=\"center\"><strong>SEKCJE TEMATYCZNE<\/strong><\/p>\n<p align=\"center\">\u00a7 25<\/p>\n<p>Dzia\u0142alno\u015b\u0107 Sekcji tematycznych jest podstawow\u0105 form\u0105 dzia\u0142alno\u015bci Ko\u0142a.<\/p>\n<p align=\"center\">\u00a7 26<\/p>\n<p>1) Sekcj\u0119 zak\u0142ada co najmniej trzech cz\u0142onk\u00f3w zwyczajnych Ko\u0142a.<\/p>\n<p>2) Za\u0142o\u017cenie nowej Sekcji zatwierdza Zarz\u0105d Ko\u0142a.<\/p>\n<p>3) Je\u017celi do Sekcji zapisanych jest mniej ni\u017c trzech cz\u0142onk\u00f3w, Zarz\u0105d Ko\u0142a ma prawo<\/p>\n<p>rozwi\u0105za\u0107 Sekcj\u0119.<\/p>\n<p>4) Zebranie Walne podj\u0119t\u0105 uchwa\u0142\u0105 ma prawo rozwi\u0105za\u0107 ka\u017cd\u0105 Sekcj\u0119, je\u017celi przez rok<\/p>\n<p>akademicki nie wykaza\u0142a jakiejkolwiek aktywno\u015bci.<\/p>\n<p align=\"center\">\u00a7 27<\/p>\n<p>1) Przewodnicz\u0105cy ka\u017cdej Sekcji jest wybierany przez Zebranie Walne spo\u015br\u00f3d cz\u0142onk\u00f3w<\/p>\n<p>zwyczajnych Ko\u0142a.<\/p>\n<p>2) Jeden cz\u0142onek Ko\u0142a mo\u017ce zosta\u0107 Przewodnicz\u0105cym wy\u0142\u0105cznie jednej Sekcji.<\/p>\n<p>3) Przewodnicz\u0105cy Sekcji nie mo\u017ce jednocze\u015bnie sprawowa\u0107 funkcji cz\u0142onka Zarz\u0105du Ko\u0142a.<\/p>\n<p>4) Kadencja Przewodnicz\u0105cego Sekcji trwa rok akademicki.<\/p>\n<p>5) Wniosek w sprawie odwo\u0142ania Przewodnicz\u0105cego Sekcji mo\u017ce z\u0142o\u017cy\u0107 grupa 1\/3 cz\u0142onk\u00f3w<\/p>\n<p>zwyczajnych Ko\u0142a, Zarz\u0105d Ko\u0142a oraz Opiekun Naukowy i jest on po\u0142\u0105czony z przedstawieniem<\/p>\n<p>kandydatury na nowego Przewodnicz\u0105cego Sekcji.<\/p>\n<p>6) G\u0142osowanie nad odwo\u0142aniem dotychczasowego Przewodnicz\u0105cego Sekcji jest po\u0142\u0105czone z<\/p>\n<p>wyborem nowego Przewodnicz\u0105cego Sekcji.<\/p>\n<p>7) Przewodnicz\u0105cy Sekcji mo\u017ce zrezygnowa\u0107 z pe\u0142nionej funkcji po zdaniu osobie pe\u0142ni\u0105cej<\/p>\n<p>obowi\u0105zki Prezesa Ko\u0142a dokumentacji oraz przekazaniu wszelkich spraw, kt\u00f3rymi si\u0119<\/p>\n<p>zajmowa\u0142 w zwi\u0105zku z dzia\u0142alno\u015bci\u0105 Ko\u0142a. Osoba pe\u0142ni\u0105ca obowi\u0105zki Prezesa ma 14 dni na<\/p>\n<p>zwo\u0142anie Zebrania Walnego w celu wybrania nowego Przewodnicz\u0105cego Sekcji.<\/p>\n<p align=\"center\">\u00a7 28<\/p>\n<p>Do obowi\u0105zk\u00f3w Przewodnicz\u0105cego Sekcji nale\u017cy:<\/p>\n<p>1) zapewnianie pomocy naukowej cz\u0142onkom Sekcji;<\/p>\n<p>2) promowanie dzia\u0142alno\u015bci Sekcji na forum Ko\u0142a;<\/p>\n<p>3) przeprowadzenie w trakcie roku akademickiego jednej inicjatywy, o kt\u00f3rej mowa w \u00a7 5 pkt<\/p>\n<p>2 lub 4;<\/p>\n<p>4) prowadzenie aktualnej listy cz\u0142onk\u00f3w Sekcji;<\/p>\n<p>5) z\u0142o\u017cenie pisemnego sprawozdania z p\u00f3\u0142rocznej i rocznej dzia\u0142alno\u015bci Sekcji na r\u0119ce Prezesa<\/p>\n<p>Ko\u0142a.<\/p>\n<p>6) w przypadku niewywi\u0105zania si\u0119 z obowi\u0105zku, o kt\u00f3rym mowa w \u00a7 28 pkt 3 przez<\/p>\n<p>Przewodnicz\u0105cego Sekcji, po wyga\u015bni\u0119ciu jego obecnej kadencji nie mo\u017ce on zosta\u0107 w nowym<\/p>\n<p>roku akademickim wybrany ponownie na stanowisko Przewodnicz\u0105cego jakiejkolwiek Sekcji.<\/p>\n<p align=\"center\">\u00a7 29<\/p>\n<p>Do kompetencji Przewodnicz\u0105cego Sekcji nale\u017cy:<\/p>\n<p>1) kierowanie dzia\u0142alno\u015bci\u0105 Sekcji;<\/p>\n<p>2) umo\u017cliwienie wolnego dost\u0119pu do urz\u0105dze\u0144, zbior\u00f3w i pomieszcze\u0144 b\u0119d\u0105cych w<\/p>\n<p>u\u017cytkowaniu Ko\u0142a;<\/p>\n<p>3) wyst\u0119powanie do Zarz\u0105du Ko\u0142a o podj\u0119cie wsp\u00f3\u0142pracy z innymi organizacjami naukowymi<\/p>\n<p>i kulturalnymi w kraju oraz za granic\u0105, a tak\u017ce w kwestiach zwi\u0105zanych z patronatem;<\/p>\n<p>4) poinformowanie Zarz\u0105du Ko\u0142a, a tak\u017ce wyra\u017cenie opinii dla o braku aktywno\u015bci cz\u0142onk\u00f3w<\/p>\n<p>zapisanych do Sekcji.<\/p>\n<p align=\"center\"><strong>ROZDZIA\u0141 VI<\/strong><\/p>\n<p align=\"center\"><strong>OPIEKUN NAUKOWY<\/strong><\/p>\n<p align=\"center\">\u00a7 30<\/p>\n<p>1) Opiekun Naukowy sprawuje merytoryczn\u0105 opiek\u0119 nad dzia\u0142alno\u015bci\u0105 Ko\u0142a.<\/p>\n<p>2) Opiekun Naukowy jest powo\u0142ywany przez Dyrektora Instytutu Historii Uniwersytetu<\/p>\n<p>\u015al\u0105skiego. Pe\u0142ni swoj\u0105 funkcj\u0119 do momentu odwo\u0142ania lub rezygnacji.<\/p>\n<p>3) Opiekunem Naukowym mo\u017ce zosta\u0107 pracownik naukowy Instytutu Historii Uniwersytetu<\/p>\n<p>\u015al\u0105skiego. W przypadku zako\u0144czenia pracy w Instytucie Historii, przestaje on pe\u0142ni\u0107 funkcj\u0119<\/p>\n<p>Opiekuna Naukowego.<\/p>\n<p>4) Opiekun Naukowy dysponuje g\u0142osem doradczym we wszystkich sprawach dotycz\u0105cych<\/p>\n<p>merytorycznej dzia\u0142alno\u015bci Ko\u0142a.<\/p>\n<p>5) Odwo\u0142anie Opiekuna Naukowego nast\u0119puje na mocy uchwa\u0142y Zebrania Walnego podj\u0119tej<\/p>\n<p>wi\u0119kszo\u015bci\u0105 g\u0142os\u00f3w w obecno\u015bci co najmniej 2\/3 cz\u0142onk\u00f3w zwyczajnych Ko\u0142a na wniosek 1\/3<\/p>\n<p>cz\u0142onk\u00f3w zwyczajnych Ko\u0142a i jest on po\u0142\u0105czony z przedstawieniem kandydatury na nowego<\/p>\n<p>Opiekuna Naukowego.<\/p>\n<p align=\"center\"><strong>ROZDZIA\u0141 VII<\/strong><\/p>\n<p align=\"center\"><strong>POSTANOWIENIA KO\u0143COWE<\/strong><\/p>\n<p align=\"center\">\u00a7 31<\/p>\n<p>1) Zmiana postanowie\u0144 Statutu Ko\u0142a nast\u0119puje na mocy uchwa\u0142y Zebrania Walnego.<\/p>\n<p>2) Wniosek w sprawie zmiany Statutu Ko\u0142a mo\u017ce z\u0142o\u017cy\u0107 Zarz\u0105d Ko\u0142a, grupa co najmniej 1\/3<\/p>\n<p>og\u00f3lnej liczby cz\u0142onk\u00f3w Ko\u0142a lub Opiekun Naukowy.<\/p>\n<p align=\"center\">\u00a7 32<\/p>\n<p>1) Wniosek w sprawie rozwi\u0105zania Ko\u0142a mo\u017ce z\u0142o\u017cy\u0107 Zarz\u0105d Ko\u0142a, grupa co najmniej 1\/2<\/p>\n<p>og\u00f3lnej liczby cz\u0142onk\u00f3w Ko\u0142a lub Opiekun Naukowy.<\/p>\n<p>2) Rozwi\u0105zanie Ko\u0142a nast\u0119puje na mocy uchwa\u0142y Zebrania Walnego podj\u0119tej ilo\u015bci\u0105 3\/4<\/p>\n<p>g\u0142os\u00f3w w obecno\u015bci co najmniej 2\/3 cz\u0142onk\u00f3w Ko\u0142a. W przypadku tym nie obowi\u0105zuje zapis<\/p>\n<p>\u00a7 11 pkt 4.<\/p>\n","protected":false},"excerpt":{"rendered":"<p>STATUT STUDENCKIEGO KO\u0141A NAUKOWEGO HISTORYK\u00d3W UNIWERSYTETU \u015aL\u0104SKIEGO W KATOWICACH ROZDZIA\u0141 I POSTANOWIENIA OG\u00d3LNE \u00a71 Studenckie Ko\u0142o Naukowe Historyk\u00f3w Uniwersytetu \u015al\u0105skiego, zwane dalej Ko\u0142em, jest dobrowoln\u0105 i samorz\u0105dn\u0105 organizacj\u0105 studenck\u0105 o charakterze naukowym i samokszta\u0142ceniowym. \u00a7 2 Ko\u0142o mo\u017ce pos\u0142ugiwa\u0107 si\u0119 skr\u00f3conymi nazwami SKNH lub SKNH U\u015a. \u00a7 3 Ko\u0142o dzia\u0142a pod patronatem Instytutu Historii Uniwersytetu&hellip;&nbsp;<a href=\"https:\/\/sknh.us.edu.pl\/index.php\/statut\/\" rel=\"bookmark\">Dowiedz si\u0119 wi\u0119cej &raquo;<span class=\"screen-reader-text\">Statut SKNH U\u015a<\/span><\/a><\/p>\n","protected":false},"author":1,"featured_media":0,"parent":0,"menu_order":0,"comment_status":"closed","ping_status":"closed","template":"","meta":{"neve_meta_sidebar":"","neve_meta_container":"","neve_meta_enable_content_width":"","neve_meta_content_width":0,"neve_meta_title_alignment":"","neve_meta_author_avatar":"","neve_post_elements_order":"","neve_meta_disable_header":"","neve_meta_disable_footer":"","neve_meta_disable_title":"","footnotes":""},"class_list":["post-16","page","type-page","status-publish","hentry"],"jetpack_sharing_enabled":true,"_links":{"self":[{"href":"https:\/\/sknh.us.edu.pl\/index.php\/wp-json\/wp\/v2\/pages\/16","targetHints":{"allow":["GET"]}}],"collection":[{"href":"https:\/\/sknh.us.edu.pl\/index.php\/wp-json\/wp\/v2\/pages"}],"about":[{"href":"https:\/\/sknh.us.edu.pl\/index.php\/wp-json\/wp\/v2\/types\/page"}],"author":[{"embeddable":true,"href":"https:\/\/sknh.us.edu.pl\/index.php\/wp-json\/wp\/v2\/users\/1"}],"replies":[{"embeddable":true,"href":"https:\/\/sknh.us.edu.pl\/index.php\/wp-json\/wp\/v2\/comments?post=16"}],"version-history":[{"count":3,"href":"https:\/\/sknh.us.edu.pl\/index.php\/wp-json\/wp\/v2\/pages\/16\/revisions"}],"predecessor-version":[{"id":20,"href":"https:\/\/sknh.us.edu.pl\/index.php\/wp-json\/wp\/v2\/pages\/16\/revisions\/20"}],"wp:attachment":[{"href":"https:\/\/sknh.us.edu.pl\/index.php\/wp-json\/wp\/v2\/media?parent=16"}],"curies":[{"name":"wp","href":"https:\/\/api.w.org\/{rel}","templated":true}]}}