{"id":23,"date":"2023-08-17T12:17:41","date_gmt":"2023-08-17T12:17:41","guid":{"rendered":"https:\/\/sknh.us.edu.pl\/?page_id=23"},"modified":"2025-03-03T10:24:58","modified_gmt":"2025-03-03T08:24:58","slug":"skontaktuj-sie-z-nami","status":"publish","type":"page","link":"https:\/\/sknh.us.edu.pl\/index.php\/skontaktuj-sie-z-nami\/","title":{"rendered":"Skontaktuj si\u0119 z nami"},"content":{"rendered":"<p>Skontaktuj si\u0119 z nami, aby uzyska\u0107 informacje:<\/p>\n<p>E-mail: kn.historycy.wh@us.edu.pl<\/p>\n<p>sknhistorykow.us@gmail.com<\/p>\n<p><strong>Adres:\u00a0Katowice,\u00a0ul. Bankowa 11, pok\u00f3j 026<\/strong><\/p>\n<p>&nbsp;<\/p>\n<p>Znajd\u017a nas r\u00f3wnie\u017c na <a href=\"https:\/\/www.facebook.com\/SKNHUS\">Facebooku<\/a> oraz <a href=\"https:\/\/www.instagram.com\/sknh_us\/\">Instagramie<\/a>!<\/p>\n","protected":false},"excerpt":{"rendered":"<p>Skontaktuj si\u0119 z nami, aby uzyska\u0107 informacje: E-mail: kn.historycy.wh@us.edu.pl sknhistorykow.us@gmail.com Adres:\u00a0Katowice,\u00a0ul. Bankowa 11, pok\u00f3j 026 &nbsp; Znajd\u017a nas r\u00f3wnie\u017c na Facebooku oraz Instagramie!<\/p>\n","protected":false},"author":1,"featured_media":0,"parent":0,"menu_order":0,"comment_status":"closed","ping_status":"closed","template":"","meta":{"neve_meta_sidebar":"","neve_meta_container":"","neve_meta_enable_content_width":"off","neve_meta_content_width":100,"neve_meta_title_alignment":"","neve_meta_author_avatar":"","neve_post_elements_order":"","neve_meta_disable_header":"","neve_meta_disable_footer":"","neve_meta_disable_title":"","footnotes":""},"class_list":["post-23","page","type-page","status-publish","hentry"],"jetpack_sharing_enabled":true,"_links":{"self":[{"href":"https:\/\/sknh.us.edu.pl\/index.php\/wp-json\/wp\/v2\/pages\/23","targetHints":{"allow":["GET"]}}],"collection":[{"href":"https:\/\/sknh.us.edu.pl\/index.php\/wp-json\/wp\/v2\/pages"}],"about":[{"href":"https:\/\/sknh.us.edu.pl\/index.php\/wp-json\/wp\/v2\/types\/page"}],"author":[{"embeddable":true,"href":"https:\/\/sknh.us.edu.pl\/index.php\/wp-json\/wp\/v2\/users\/1"}],"replies":[{"embeddable":true,"href":"https:\/\/sknh.us.edu.pl\/index.php\/wp-json\/wp\/v2\/comments?post=23"}],"version-history":[{"count":6,"href":"https:\/\/sknh.us.edu.pl\/index.php\/wp-json\/wp\/v2\/pages\/23\/revisions"}],"predecessor-version":[{"id":472,"href":"https:\/\/sknh.us.edu.pl\/index.php\/wp-json\/wp\/v2\/pages\/23\/revisions\/472"}],"wp:attachment":[{"href":"https:\/\/sknh.us.edu.pl\/index.php\/wp-json\/wp\/v2\/media?parent=23"}],"curies":[{"name":"wp","href":"https:\/\/api.w.org\/{rel}","templated":true}]}}