{"id":28,"date":"2023-08-17T12:30:46","date_gmt":"2023-08-17T12:30:46","guid":{"rendered":"https:\/\/sknh.us.edu.pl\/?page_id=28"},"modified":"2025-02-24T23:33:16","modified_gmt":"2025-02-24T21:33:16","slug":"zarzad","status":"publish","type":"page","link":"https:\/\/sknh.us.edu.pl\/index.php\/zarzad\/","title":{"rendered":"Zarz\u0105d"},"content":{"rendered":"<p><strong><img loading=\"lazy\" decoding=\"async\" class=\" wp-image-458 alignleft\" src=\"https:\/\/sknh.us.edu.pl\/wp-content\/uploads\/2025\/02\/Marcela-Gruszczyk-300x200.jpg\" alt=\"\" width=\"515\" height=\"343\" srcset=\"https:\/\/sknh.us.edu.pl\/wp-content\/uploads\/2025\/02\/Marcela-Gruszczyk-300x200.jpg 300w, https:\/\/sknh.us.edu.pl\/wp-content\/uploads\/2025\/02\/Marcela-Gruszczyk-1024x683.jpg 1024w, https:\/\/sknh.us.edu.pl\/wp-content\/uploads\/2025\/02\/Marcela-Gruszczyk-768x512.jpg 768w, https:\/\/sknh.us.edu.pl\/wp-content\/uploads\/2025\/02\/Marcela-Gruszczyk-1536x1024.jpg 1536w, https:\/\/sknh.us.edu.pl\/wp-content\/uploads\/2025\/02\/Marcela-Gruszczyk-930x620.jpg 930w, https:\/\/sknh.us.edu.pl\/wp-content\/uploads\/2025\/02\/Marcela-Gruszczyk.jpg 1800w\" sizes=\"auto, (max-width: 515px) 100vw, 515px\" \/><\/strong><\/p>\n<p style=\"text-align: left;\">Opiekun<\/p>\n<p style=\"text-align: left;\"><strong>Marcela Gruszczyk <\/strong>\u2013 doktor nauk humanistycznych, adiunkt w Instytucie Historii<br \/>\nUniwersytetu \u015al\u0105skiego w Katowicach, historyk. Od lat prowadzi badania na temat<br \/>\nwsp\u00f3\u0142pracy mi\u0119dzynarodowej pa\u0144stw s\u0142owia\u0144skich w XX\u00a0w. (przede wszystkim w<br \/>\nramach realizacji idei jedno\u015bci s\u0142owia\u0144skiej), interesuje si\u0119 r\u00f3wnie\u017c okresem<br \/>\nstalinizmu w Polsce.<\/p>\n<p style=\"text-align: left;\">Sekretarz redakcji czasopisma naukowego \u201eWieki Stare i Nowe\u201d, koordynatorka U\u015a<br \/>\ndla Nauczycieli, cz\u0142onkini G\u00f3rno\u015bl\u0105skiego Towarzystwa Historycznego oraz<br \/>\nInterdyscyplinarnego Centrum Bada\u0144 nad Edukacj\u0105.<\/p>\n<p style=\"text-align: left;\">Autorka kilkunastu artyku\u0142\u00f3w naukowych oraz ksi\u0105\u017cki pt. Komitet S\u0142owia\u0144ski w Polsce 1945\u20131953 na tle ruchu nowos\u0142owia\u0144skiego, Katowice 2019. Od 2016 roku zaanga\u017cowana w organizacj\u0119 Katowickiego\/\u015al\u0105skiego Kongresu O\u015bwiaty. Koordynatorka projektu \u201eEdukatorium Historyczno-Spo\u0142eczne\u201d, kt\u00f3ry zdoby\u0142 nagrod\u0119 Wydarzenie Historyczne Roku 2023 w kategorii \u201eEdukacja\u201d. Prywatnie uwielbia podr\u00f3\u017ce, kaw\u0119 i kontakt z natur\u0105.<strong><br \/>\n<\/strong><\/p>\n<p>&nbsp;<\/p>\n<p>&nbsp;<\/p>\n<p>&nbsp;<\/p>\n<p>&nbsp;<\/p>\n<p>&nbsp;<\/p>\n<p><img loading=\"lazy\" decoding=\"async\" class=\"size-medium wp-image-455 alignleft\" src=\"https:\/\/sknh.us.edu.pl\/wp-content\/uploads\/2024\/12\/DSCF1918-poprawione-200x300.jpg\" alt=\"\" width=\"200\" height=\"300\" srcset=\"https:\/\/sknh.us.edu.pl\/wp-content\/uploads\/2024\/12\/DSCF1918-poprawione-200x300.jpg 200w, https:\/\/sknh.us.edu.pl\/wp-content\/uploads\/2024\/12\/DSCF1918-poprawione-683x1024.jpg 683w, https:\/\/sknh.us.edu.pl\/wp-content\/uploads\/2024\/12\/DSCF1918-poprawione-768x1152.jpg 768w, https:\/\/sknh.us.edu.pl\/wp-content\/uploads\/2024\/12\/DSCF1918-poprawione-1024x1536.jpg 1024w, https:\/\/sknh.us.edu.pl\/wp-content\/uploads\/2024\/12\/DSCF1918-poprawione-1365x2048.jpg 1365w, https:\/\/sknh.us.edu.pl\/wp-content\/uploads\/2024\/12\/DSCF1918-poprawione-scaled.jpg 1707w\" sizes=\"auto, (max-width: 200px) 100vw, 200px\" \/>Prezeska SKNH U\u015a<\/p>\n<p><strong>Zuzanna Kalka<\/strong><\/p>\n<p>Studia: I rok II stopnia<\/p>\n<p>Kierunek: historia<\/p>\n<p>Specjalizacja: administracyjno-samorz\u0105dowa<\/p>\n<p>Zainteresowania naukowe: rewolucje w XIX wieku, kolonializm, historia spo\u0142eczna, dzieje polskiej wsi, historia muzyki.<\/p>\n<p>Zainteresowania pozanaukowe: bieganie, literatura, muzyka oraz kinematografia.<\/p>\n<p>&nbsp;<\/p>\n<p>&nbsp;<\/p>\n<p>&nbsp;<\/p>\n<p><img loading=\"lazy\" decoding=\"async\" class=\"size-medium wp-image-454 alignleft\" src=\"https:\/\/sknh.us.edu.pl\/wp-content\/uploads\/2024\/12\/DSCF1975-poprawione-200x300.jpg\" alt=\"\" width=\"200\" height=\"300\" srcset=\"https:\/\/sknh.us.edu.pl\/wp-content\/uploads\/2024\/12\/DSCF1975-poprawione-200x300.jpg 200w, https:\/\/sknh.us.edu.pl\/wp-content\/uploads\/2024\/12\/DSCF1975-poprawione-683x1024.jpg 683w, https:\/\/sknh.us.edu.pl\/wp-content\/uploads\/2024\/12\/DSCF1975-poprawione-768x1152.jpg 768w, https:\/\/sknh.us.edu.pl\/wp-content\/uploads\/2024\/12\/DSCF1975-poprawione-1024x1536.jpg 1024w, https:\/\/sknh.us.edu.pl\/wp-content\/uploads\/2024\/12\/DSCF1975-poprawione-1365x2048.jpg 1365w, https:\/\/sknh.us.edu.pl\/wp-content\/uploads\/2024\/12\/DSCF1975-poprawione-scaled.jpg 1707w\" sizes=\"auto, (max-width: 200px) 100vw, 200px\" \/>Wiceprzezeska SKNH U\u015a<\/p>\n<p><strong>Julia Dubas<\/strong><\/p>\n<p>Studia: I rok II stopnia<\/p>\n<p>Kierunek: historia<\/p>\n<p>Specjalizacja: administracyjno-samorz\u0105dowa<\/p>\n<p>Zainteresowania naukowe: staro\u017cytny Rzym, okres Cesarstwa Rzymskiego, rola aktora i oratora w antyku, relacja w\u0142adca-spo\u0142ecze\u0144stwo.<\/p>\n<p>Zainteresowania pozanaukowe: kinematografia, teatr, sztuka aktorska, gotowanie.<\/p>\n<p>&nbsp;<\/p>\n<p>&nbsp;<\/p>\n<p>&nbsp;<\/p>\n<p><img loading=\"lazy\" decoding=\"async\" class=\"size-medium wp-image-453 alignleft\" src=\"https:\/\/sknh.us.edu.pl\/wp-content\/uploads\/2024\/12\/DSCF1793-poprawione-200x300.jpg\" alt=\"\" width=\"200\" height=\"300\" srcset=\"https:\/\/sknh.us.edu.pl\/wp-content\/uploads\/2024\/12\/DSCF1793-poprawione-200x300.jpg 200w, https:\/\/sknh.us.edu.pl\/wp-content\/uploads\/2024\/12\/DSCF1793-poprawione-683x1024.jpg 683w, https:\/\/sknh.us.edu.pl\/wp-content\/uploads\/2024\/12\/DSCF1793-poprawione-768x1152.jpg 768w, https:\/\/sknh.us.edu.pl\/wp-content\/uploads\/2024\/12\/DSCF1793-poprawione-1024x1536.jpg 1024w, https:\/\/sknh.us.edu.pl\/wp-content\/uploads\/2024\/12\/DSCF1793-poprawione-1365x2048.jpg 1365w, https:\/\/sknh.us.edu.pl\/wp-content\/uploads\/2024\/12\/DSCF1793-poprawione-scaled.jpg 1707w\" sizes=\"auto, (max-width: 200px) 100vw, 200px\" \/>Sekretarz SKNH U\u015a<\/p>\n<p><strong>Marcin Dalibor<\/strong><\/p>\n<p>Studia: I rok II stopnia<\/p>\n<p>Kierunek: historia<\/p>\n<p>Specjalizacja: archiwalna<\/p>\n<p>Zainteresowania naukowe: mediewistyka, \u015awi\u0119te Cesarstwo Rzymskie, historia Niemiec, \u015al\u0105ska oraz Irlandii.<\/p>\n<p>Zainteresowania pozanaukowe: modelarstwo , numizmatyka, gotowanie, Formu\u0142a 1 oraz podr\u00f3\u017cowanie.<\/p>\n","protected":false},"excerpt":{"rendered":"<p>Opiekun Marcela Gruszczyk \u2013 doktor nauk humanistycznych, adiunkt w Instytucie Historii Uniwersytetu \u015al\u0105skiego w Katowicach, historyk. Od lat prowadzi badania na temat wsp\u00f3\u0142pracy mi\u0119dzynarodowej pa\u0144stw s\u0142owia\u0144skich w XX\u00a0w. (przede wszystkim w ramach realizacji idei jedno\u015bci s\u0142owia\u0144skiej), interesuje si\u0119 r\u00f3wnie\u017c okresem stalinizmu w Polsce. Sekretarz redakcji czasopisma naukowego \u201eWieki Stare i Nowe\u201d, koordynatorka U\u015a dla Nauczycieli,&hellip;&nbsp;<a href=\"https:\/\/sknh.us.edu.pl\/index.php\/zarzad\/\" rel=\"bookmark\">Dowiedz si\u0119 wi\u0119cej &raquo;<span class=\"screen-reader-text\">Zarz\u0105d<\/span><\/a><\/p>\n","protected":false},"author":1,"featured_media":0,"parent":0,"menu_order":0,"comment_status":"closed","ping_status":"closed","template":"","meta":{"neve_meta_sidebar":"","neve_meta_container":"","neve_meta_enable_content_width":"off","neve_meta_content_width":100,"neve_meta_title_alignment":"","neve_meta_author_avatar":"","neve_post_elements_order":"","neve_meta_disable_header":"","neve_meta_disable_footer":"","neve_meta_disable_title":"","footnotes":""},"class_list":["post-28","page","type-page","status-publish","hentry"],"jetpack_sharing_enabled":true,"_links":{"self":[{"href":"https:\/\/sknh.us.edu.pl\/index.php\/wp-json\/wp\/v2\/pages\/28","targetHints":{"allow":["GET"]}}],"collection":[{"href":"https:\/\/sknh.us.edu.pl\/index.php\/wp-json\/wp\/v2\/pages"}],"about":[{"href":"https:\/\/sknh.us.edu.pl\/index.php\/wp-json\/wp\/v2\/types\/page"}],"author":[{"embeddable":true,"href":"https:\/\/sknh.us.edu.pl\/index.php\/wp-json\/wp\/v2\/users\/1"}],"replies":[{"embeddable":true,"href":"https:\/\/sknh.us.edu.pl\/index.php\/wp-json\/wp\/v2\/comments?post=28"}],"version-history":[{"count":13,"href":"https:\/\/sknh.us.edu.pl\/index.php\/wp-json\/wp\/v2\/pages\/28\/revisions"}],"predecessor-version":[{"id":464,"href":"https:\/\/sknh.us.edu.pl\/index.php\/wp-json\/wp\/v2\/pages\/28\/revisions\/464"}],"wp:attachment":[{"href":"https:\/\/sknh.us.edu.pl\/index.php\/wp-json\/wp\/v2\/media?parent=28"}],"curies":[{"name":"wp","href":"https:\/\/api.w.org\/{rel}","templated":true}]}}